{"id":384,"date":"2021-11-29T22:55:32","date_gmt":"2021-11-29T21:55:32","guid":{"rendered":"http:\/\/www.voskresinnia.home.pl\/Lviv_theatre\/?page_id=384"},"modified":"2025-02-07T14:20:21","modified_gmt":"2025-02-07T13:20:21","slug":"repertuar","status":"publish","type":"page","link":"https:\/\/voskresinnia.eu\/index.php\/repertuar\/","title":{"rendered":"REPERTUAR"},"content":{"rendered":"\n<hr class=\"wp-block-separator has-css-opacity\"\/>\n\n\n\n<p class=\"has-large-font-size\">W razie nalotu w teatrze znajduje si\u0119 schron.<\/p>\n\n\n\n<div style=\"height:100px\" aria-hidden=\"true\" class=\"wp-block-spacer\"><\/div>\n\n\n\n<hr class=\"wp-block-separator has-css-opacity\"\/>\n\n\n\n<p><\/p>\n\n\n\n<p class=\"has-text-align-center has-white-color has-text-color has-background\" style=\"background-color:#ff6a00c4\"><a href=\"mailto:kvytky@voskresinnia.eu\" target=\"_blank\" rel=\"noopener\" title=\"\">rezerwacja bilet\u00f3w poczt\u0105 elektroniczn\u0105<\/a><\/p>\n\n\n\n<p><\/p>\n\n\n<p><!-- \/wp:post-content --><\/p>\n<p><!-- wp:paragraph \/--><\/p>\n<p><!-- wp:separator \/--><\/p>\n<p><!-- wp:paragraph \/--><\/p>\n<p><!-- wp:paragraph \/--><\/p>\n<p><!-- wp:paragraph \/--><\/p>\n<p><!-- wp:paragraph --><\/p>\n<p><!-- \/wp:paragraph --><\/p>\n<p><!-- wp:paragraph {\"align\":\"center\",\"backgroundColor\":\"vivid-cyan-blue\",\"textColor\":\"very-light-gray\"} --><\/p>\n<p><!-- \/wp:paragraph --><\/p>\n<p><!-- wp:paragraph --><\/p>\n\n<div class=\"wpcf7 no-js\" id=\"wpcf7-f1930-o1\" lang=\"pl-PL\" dir=\"ltr\" data-wpcf7-id=\"1930\">\n<div class=\"screen-reader-response\"><p role=\"status\" aria-live=\"polite\" aria-atomic=\"true\"><\/p> <ul><\/ul><\/div>\n<form action=\"\/index.php\/wp-json\/wp\/v2\/pages\/384#wpcf7-f1930-o1\" method=\"post\" class=\"wpcf7-form init\" aria-label=\"Formularz kontaktowy\" novalidate=\"novalidate\" data-status=\"init\">\n<fieldset class=\"hidden-fields-container\"><input type=\"hidden\" name=\"_wpcf7\" value=\"1930\" \/><input type=\"hidden\" name=\"_wpcf7_version\" value=\"6.1.4\" \/><input type=\"hidden\" name=\"_wpcf7_locale\" value=\"pl_PL\" \/><input type=\"hidden\" name=\"_wpcf7_unit_tag\" value=\"wpcf7-f1930-o1\" \/><input type=\"hidden\" name=\"_wpcf7_container_post\" value=\"0\" \/><input type=\"hidden\" name=\"_wpcf7_posted_data_hash\" value=\"\" \/>\n<\/fieldset>\n<p><label> Imi\u0119 i nazwisko (wymagane)<br \/>\n<span class=\"wpcf7-form-control-wrap\" data-name=\"your-name\"><input size=\"40\" maxlength=\"400\" class=\"wpcf7-form-control wpcf7-text wpcf7-validates-as-required\" aria-required=\"true\" aria-invalid=\"false\" value=\"\" type=\"text\" name=\"your-name\" \/><\/span> <\/label>\n<\/p>\n<p><label> Adres email (wymagane)<br \/>\n<span class=\"wpcf7-form-control-wrap\" data-name=\"your-email\"><input size=\"40\" maxlength=\"400\" class=\"wpcf7-form-control wpcf7-email wpcf7-validates-as-required wpcf7-text wpcf7-validates-as-email\" aria-required=\"true\" aria-invalid=\"false\" value=\"\" type=\"email\" name=\"your-email\" \/><\/span> <\/label>\n<\/p>\n<p><label> Temat<br \/>\n<span class=\"wpcf7-form-control-wrap\" data-name=\"your-subject\"><input size=\"40\" maxlength=\"400\" class=\"wpcf7-form-control wpcf7-text\" aria-invalid=\"false\" value=\"\" type=\"text\" name=\"your-subject\" \/><\/span> <\/label>\n<\/p>\n<p><label> Tre\u015b\u0107 wiadomo\u015bci<br \/>\n<span class=\"wpcf7-form-control-wrap\" data-name=\"your-message\"><textarea cols=\"40\" rows=\"10\" maxlength=\"2000\" class=\"wpcf7-form-control wpcf7-textarea\" aria-invalid=\"false\" name=\"your-message\"><\/textarea><\/span> <\/label>\n<\/p>\n<p>[cf7ic]<input class=\"wpcf7-form-control wpcf7-submit has-spinner\" type=\"submit\" value=\"Wy\u015blij\" \/>\n<\/p><div class=\"wpcf7-response-output\" aria-hidden=\"true\"><\/div>\n<\/form>\n<\/div>\n\n<p><!-- \/wp:paragraph --><\/p>\n<p><!-- wp:paragraph --><\/p>\n<p><!-- \/wp:paragraph --><\/p>\n<p><!-- wp:paragraph {\"align\":\"center\",\"backgroundColor\":\"vivid-red\",\"textColor\":\"very-light-gray\"} --><\/p>\n<p class=\"has-text-align-center has-very-light-gray-color has-vivid-red-background-color has-text-color has-background\">Rezerwacja i sprzeda\u017c&nbsp; bilet\u00f3w &#8211; Kasa Teatru, Pl. Gen. Grigorenko 5&nbsp;&nbsp;&nbsp;&nbsp; Telefon : 8 (032) 261 63 10<\/p>\n<p><!-- \/wp:paragraph --><\/p>","protected":false},"excerpt":{"rendered":"<p>W razie nalotu w teatrze znajduje si\u0119 schron. rezerwacja bilet\u00f3w poczt\u0105 elektroniczn\u0105 Rezerwacja i sprzeda\u017c&nbsp; bilet\u00f3w &#8211; Kasa Teatru, Pl. Gen. Grigorenko 5&nbsp;&nbsp;&nbsp;&nbsp; Telefon : 8 (032) 261 63 10<\/p>\n","protected":false},"author":1,"featured_media":0,"parent":0,"menu_order":0,"comment_status":"closed","ping_status":"closed","template":"","meta":{"_monsterinsights_skip_tracking":false,"_monsterinsights_sitenote_active":false,"_monsterinsights_sitenote_note":"","_monsterinsights_sitenote_category":0,"ngg_post_thumbnail":0,"__cvm_playback_settings":[],"__cvm_video_id":"","footnotes":""},"class_list":["post-384","page","type-page","status-publish","hentry"],"aioseo_notices":[],"_links":{"self":[{"href":"https:\/\/voskresinnia.eu\/index.php\/wp-json\/wp\/v2\/pages\/384","targetHints":{"allow":["GET"]}}],"collection":[{"href":"https:\/\/voskresinnia.eu\/index.php\/wp-json\/wp\/v2\/pages"}],"about":[{"href":"https:\/\/voskresinnia.eu\/index.php\/wp-json\/wp\/v2\/types\/page"}],"author":[{"embeddable":true,"href":"https:\/\/voskresinnia.eu\/index.php\/wp-json\/wp\/v2\/users\/1"}],"replies":[{"embeddable":true,"href":"https:\/\/voskresinnia.eu\/index.php\/wp-json\/wp\/v2\/comments?post=384"}],"version-history":[{"count":66,"href":"https:\/\/voskresinnia.eu\/index.php\/wp-json\/wp\/v2\/pages\/384\/revisions"}],"predecessor-version":[{"id":9816,"href":"https:\/\/voskresinnia.eu\/index.php\/wp-json\/wp\/v2\/pages\/384\/revisions\/9816"}],"wp:attachment":[{"href":"https:\/\/voskresinnia.eu\/index.php\/wp-json\/wp\/v2\/media?parent=384"}],"curies":[{"name":"wp","href":"https:\/\/api.w.org\/{rel}","templated":true}]}}